{"id":401,"date":"2022-12-04T17:28:35","date_gmt":"2022-12-04T17:28:35","guid":{"rendered":"https:\/\/kinder-fokus.de\/?page_id=401"},"modified":"2026-01-15T10:52:30","modified_gmt":"2026-01-15T10:52:30","slug":"familie","status":"publish","type":"page","link":"https:\/\/www.kinder-fokus.de\/?page_id=401","title":{"rendered":"Familie\/Kinder"},"content":{"rendered":"\t\t<div data-elementor-type=\"wp-page\" data-elementor-id=\"401\" class=\"elementor elementor-401\">\n\t\t\t\t\t\t<section class=\"elementor-section elementor-top-section elementor-element elementor-element-dab6ab4 elementor-section-boxed elementor-section-height-default elementor-section-height-default\" data-id=\"dab6ab4\" data-element_type=\"section\">\n\t\t\t\t\t\t<div class=\"elementor-container elementor-column-gap-default\">\n\t\t\t\t\t<div class=\"elementor-column elementor-col-33 elementor-top-column elementor-element elementor-element-76938de\" data-id=\"76938de\" data-element_type=\"column\">\n\t\t\t<div class=\"elementor-widget-wrap\">\n\t\t\t\t\t\t\t<\/div>\n\t\t<\/div>\n\t\t\t\t<div class=\"elementor-column elementor-col-66 elementor-top-column elementor-element elementor-element-d247ee5\" data-id=\"d247ee5\" data-element_type=\"column\">\n\t\t\t<div class=\"elementor-widget-wrap elementor-element-populated\">\n\t\t\t\t\t\t<div class=\"elementor-element elementor-element-b73aedb elementor-widget elementor-widget-heading\" data-id=\"b73aedb\" data-element_type=\"widget\" data-widget_type=\"heading.default\">\n\t\t\t\t<div class=\"elementor-widget-container\">\n\t\t\t\t\t<h2 class=\"elementor-heading-title elementor-size-default\">Familien- und Kindershooting<\/h2>\t\t\t\t<\/div>\n\t\t\t\t<\/div>\n\t\t\t\t<div class=\"elementor-element elementor-element-1e5fdea elementor-widget elementor-widget-text-editor\" data-id=\"1e5fdea\" data-element_type=\"widget\" data-widget_type=\"text-editor.default\">\n\t\t\t\t<div class=\"elementor-widget-container\">\n\t\t\t\t\t\t\t\t\t<p>\u00a0in der Natur<\/p>\t\t\t\t\t\t\t\t<\/div>\n\t\t\t\t<\/div>\n\t\t\t\t<div class=\"elementor-element elementor-element-7566089 elementor-widget elementor-widget-image\" data-id=\"7566089\" data-element_type=\"widget\" data-widget_type=\"image.default\">\n\t\t\t\t<div class=\"elementor-widget-container\">\n\t\t\t\t\t\t\t\t\t\t\t\t\t\t\t<img fetchpriority=\"high\" decoding=\"async\" width=\"950\" height=\"634\" src=\"https:\/\/www.kinder-fokus.de\/wp-content\/uploads\/2025\/09\/LBM-4-1024x683.jpg\" class=\"attachment-large size-large wp-image-1541\" alt=\"\" srcset=\"https:\/\/www.kinder-fokus.de\/wp-content\/uploads\/2025\/09\/LBM-4-1024x683.jpg 1024w, https:\/\/www.kinder-fokus.de\/wp-content\/uploads\/2025\/09\/LBM-4-300x200.jpg 300w, https:\/\/www.kinder-fokus.de\/wp-content\/uploads\/2025\/09\/LBM-4-2000x1333.jpg 2000w, https:\/\/www.kinder-fokus.de\/wp-content\/uploads\/2025\/09\/LBM-4-scaled-1536x1024.jpg 1536w, https:\/\/www.kinder-fokus.de\/wp-content\/uploads\/2025\/09\/LBM-4-scaled-2048x1366.jpg 2048w, https:\/\/www.kinder-fokus.de\/wp-content\/uploads\/2025\/09\/LBM-4-scaled-600x400.jpg 600w, https:\/\/www.kinder-fokus.de\/wp-content\/uploads\/2025\/09\/LBM-4-scaled-1200x800.jpg 1200w\" sizes=\"100vw\" \/>\t\t\t\t\t\t\t\t\t\t\t\t\t\t\t<\/div>\n\t\t\t\t<\/div>\n\t\t\t\t<div class=\"elementor-element elementor-element-09ba41c elementor-widget elementor-widget-text-editor\" data-id=\"09ba41c\" data-element_type=\"widget\" data-widget_type=\"text-editor.default\">\n\t\t\t\t<div class=\"elementor-widget-container\">\n\t\t\t\t\t\t\t\t\t<p>Familie hei\u00dft f\u00fcr mich Liebe, Geborgenheit und vor allem Sicherheit. Mit der Familie f\u00fchlt man sich zu Hause, selbst wenn man an einem anderen Ort ist. Meist fotografieren wir als Eltern unsere Kinder und halten uns selbst eher im Hintergrund. Das \u00e4ndere ich gerne und hole euch zu euren Kindern vor die Kamera.<\/p>\t\t\t\t\t\t\t\t<\/div>\n\t\t\t\t<\/div>\n\t\t\t\t<div class=\"elementor-element elementor-element-75510b2 elementor-widget elementor-widget-text-editor\" data-id=\"75510b2\" data-element_type=\"widget\" data-widget_type=\"text-editor.default\">\n\t\t\t\t<div class=\"elementor-widget-container\">\n\t\t\t\t\t\t\t\t\t<div>Unsere Kinder machen unser Leben sch\u00f6ner und bunter. Und genau das m\u00f6chte ich mit meinen Bildern zeigen!\u00a0<br \/>Wenn es nicht regnet, machen wir das Shooting im Freien! Da wo unsere kleinen Entdecker immer etwas zum Forschen finden.<br \/>Das Shooting soll f\u00fcr alle entspannt sein und das ist es, meiner Erfahrung nach, drau\u00dfen definitiv!<br \/>Sie k\u00f6nnen rumlaufen, klettern, springen oder sich verstecken, Hauptsache es macht allen Spa\u00df.<\/div><div><p>Wir m\u00fcssen nicht alle starr in die Kamera gucken und l\u00e4cheln. Wie sch\u00f6n sind denn die ehrlichen, ungezwungnen Momente?!<\/p><\/div>\t\t\t\t\t\t\t\t<\/div>\n\t\t\t\t<\/div>\n\t\t\t\t<div class=\"elementor-element elementor-element-19a2735 elementor-align-center elementor-widget elementor-widget-button\" data-id=\"19a2735\" data-element_type=\"widget\" data-widget_type=\"button.default\">\n\t\t\t\t<div class=\"elementor-widget-container\">\n\t\t\t\t\t\t\t\t\t<div class=\"elementor-button-wrapper\">\n\t\t\t\t\t<a class=\"elementor-button elementor-button-link elementor-size-sm\" href=\"\">\n\t\t\t\t\t\t<span class=\"elementor-button-content-wrapper\">\n\t\t\t\t\t\t\t\t\t<span class=\"elementor-button-text\">schau mal bei Instagram<\/span>\n\t\t\t\t\t<\/span>\n\t\t\t\t\t<\/a>\n\t\t\t\t<\/div>\n\t\t\t\t\t\t\t\t<\/div>\n\t\t\t\t<\/div>\n\t\t\t\t\t<\/div>\n\t\t<\/div>\n\t\t\t\t\t<\/div>\n\t\t<\/section>\n\t\t\t\t<section class=\"elementor-section elementor-top-section elementor-element elementor-element-2de3ddc elementor-section-boxed elementor-section-height-default elementor-section-height-default\" data-id=\"2de3ddc\" data-element_type=\"section\">\n\t\t\t\t\t\t<div class=\"elementor-container elementor-column-gap-default\">\n\t\t\t\t\t<div class=\"elementor-column elementor-col-100 elementor-top-column elementor-element elementor-element-e50b331\" data-id=\"e50b331\" data-element_type=\"column\">\n\t\t\t<div class=\"elementor-widget-wrap elementor-element-populated\">\n\t\t\t\t\t\t<div class=\"elementor-element elementor-element-b402904 elementor-widget elementor-widget-wpzoom-elementor-addons-carousel\" data-id=\"b402904\" data-element_type=\"widget\" data-settings=\"{&quot;animation_speed&quot;:300,&quot;autoplay&quot;:&quot;yes&quot;,&quot;autoplay_speed&quot;:3000,&quot;loop&quot;:&quot;yes&quot;,&quot;navigation&quot;:&quot;arrow&quot;,&quot;slides_to_show&quot;:4,&quot;slides_to_show_tablet&quot;:3,&quot;slides_to_show_mobile&quot;:2}\" data-widget_type=\"wpzoom-elementor-addons-carousel.default\">\n\t\t\t\t<div class=\"elementor-widget-container\">\n\t\t\t\t\t<div class=\"wpzjs-slick wpz-slick wpz-slick--carousel\">\n\n\t\t\t\n\t\t\t\t<div class=\"wpz-slick-slide\">\n\t\t\t\t\t<div class=\"wpz-slick-item\">\n\t\t\t\t\t\t\t\t\t\t\t\t\t<img decoding=\"async\" class=\"wpz-slick-img\" src=\"https:\/\/www.kinder-fokus.de\/wp-content\/uploads\/2025\/09\/JKGH_5-scaled.jpg\" alt=\"\">\n\t\t\t\t\t\t\n\t\t\t\t\t\t\t\t\t\t\t<\/div>\n\t\t\t\t<\/div>\n\n\t\t\t\n\t\t\t\t<div class=\"wpz-slick-slide\">\n\t\t\t\t\t<div class=\"wpz-slick-item\">\n\t\t\t\t\t\t\t\t\t\t\t\t\t<img decoding=\"async\" class=\"wpz-slick-img\" src=\"https:\/\/www.kinder-fokus.de\/wp-content\/uploads\/2025\/09\/JKGH_4-scaled.jpg\" alt=\"\">\n\t\t\t\t\t\t\n\t\t\t\t\t\t\t\t\t\t\t<\/div>\n\t\t\t\t<\/div>\n\n\t\t\t\n\t\t\t\t<div class=\"wpz-slick-slide\">\n\t\t\t\t\t<div class=\"wpz-slick-item\">\n\t\t\t\t\t\t\t\t\t\t\t\t\t<img decoding=\"async\" class=\"wpz-slick-img\" src=\"https:\/\/www.kinder-fokus.de\/wp-content\/uploads\/2025\/09\/JKGH_3-scaled.jpg\" alt=\"\">\n\t\t\t\t\t\t\n\t\t\t\t\t\t\t\t\t\t\t<\/div>\n\t\t\t\t<\/div>\n\n\t\t\t\n\t\t\t\t<div class=\"wpz-slick-slide\">\n\t\t\t\t\t<div class=\"wpz-slick-item\">\n\t\t\t\t\t\t\t\t\t\t\t\t\t<img decoding=\"async\" class=\"wpz-slick-img\" src=\"https:\/\/www.kinder-fokus.de\/wp-content\/uploads\/2025\/09\/JKGH_2-scaled.jpg\" alt=\"\">\n\t\t\t\t\t\t\n\t\t\t\t\t\t\t\t\t\t\t<\/div>\n\t\t\t\t<\/div>\n\n\t\t\t\n\t\t\t\t<div class=\"wpz-slick-slide\">\n\t\t\t\t\t<div class=\"wpz-slick-item\">\n\t\t\t\t\t\t\t\t\t\t\t\t\t<img decoding=\"async\" class=\"wpz-slick-img\" src=\"https:\/\/www.kinder-fokus.de\/wp-content\/uploads\/2025\/09\/JKGH_7-scaled.jpg\" alt=\"\">\n\t\t\t\t\t\t\n\t\t\t\t\t\t\t\t\t\t\t<\/div>\n\t\t\t\t<\/div>\n\n\t\t\t\n\t\t\t\t<div class=\"wpz-slick-slide\">\n\t\t\t\t\t<div class=\"wpz-slick-item\">\n\t\t\t\t\t\t\t\t\t\t\t\t\t<img decoding=\"async\" class=\"wpz-slick-img\" src=\"https:\/\/www.kinder-fokus.de\/wp-content\/uploads\/2025\/09\/JKGH-12-scaled.jpg\" alt=\"\">\n\t\t\t\t\t\t\n\t\t\t\t\t\t\t\t\t\t\t<\/div>\n\t\t\t\t<\/div>\n\n\t\t\t\n\t\t<\/div>\n\n\t\t\t\t\t<button type=\"button\" class=\"slick-prev\"><i aria-hidden=\"true\" class=\"fas fa-chevron-left\"><\/i><\/button>\n\t\t\n\t\t\t\t\t<button type=\"button\" class=\"slick-next\"><i aria-hidden=\"true\" class=\"fas fa-chevron-right\"><\/i><\/button>\n\t\t\n\t\t\t\t\t\t<\/div>\n\t\t\t\t<\/div>\n\t\t\t\t\t<\/div>\n\t\t<\/div>\n\t\t\t\t\t<\/div>\n\t\t<\/section>\n\t\t\t\t<section class=\"elementor-section elementor-top-section elementor-element elementor-element-6a1bb0f elementor-section-boxed elementor-section-height-default elementor-section-height-default\" data-id=\"6a1bb0f\" data-element_type=\"section\">\n\t\t\t\t\t\t<div class=\"elementor-container elementor-column-gap-default\">\n\t\t\t\t\t<div class=\"elementor-column elementor-col-100 elementor-top-column elementor-element elementor-element-64f3fcf\" data-id=\"64f3fcf\" data-element_type=\"column\">\n\t\t\t<div class=\"elementor-widget-wrap elementor-element-populated\">\n\t\t\t\t\t\t<div class=\"elementor-element elementor-element-42cfdf8 elementor-widget elementor-widget-wpzoom-elementor-addons-carousel\" data-id=\"42cfdf8\" data-element_type=\"widget\" data-settings=\"{&quot;animation_speed&quot;:300,&quot;autoplay&quot;:&quot;yes&quot;,&quot;autoplay_speed&quot;:3000,&quot;loop&quot;:&quot;yes&quot;,&quot;navigation&quot;:&quot;arrow&quot;,&quot;slides_to_show&quot;:4,&quot;slides_to_show_tablet&quot;:3,&quot;slides_to_show_mobile&quot;:2}\" data-widget_type=\"wpzoom-elementor-addons-carousel.default\">\n\t\t\t\t<div class=\"elementor-widget-container\">\n\t\t\t\t\t<div class=\"wpzjs-slick wpz-slick wpz-slick--carousel\">\n\n\t\t\t\n\t\t\t\t<div class=\"wpz-slick-slide\">\n\t\t\t\t\t<div class=\"wpz-slick-item\">\n\t\t\t\t\t\t\t\t\t\t\t\t\t<img decoding=\"async\" class=\"wpz-slick-img\" src=\"https:\/\/www.kinder-fokus.de\/wp-content\/uploads\/2025\/07\/LBM-2-scaled.jpg\" alt=\"\">\n\t\t\t\t\t\t\n\t\t\t\t\t\t\t\t\t\t\t<\/div>\n\t\t\t\t<\/div>\n\n\t\t\t\n\t\t\t\t<div class=\"wpz-slick-slide\">\n\t\t\t\t\t<div class=\"wpz-slick-item\">\n\t\t\t\t\t\t\t\t\t\t\t\t\t<img decoding=\"async\" class=\"wpz-slick-img\" src=\"https:\/\/www.kinder-fokus.de\/wp-content\/uploads\/2025\/09\/LBM-1-scaled.jpg\" alt=\"\">\n\t\t\t\t\t\t\n\t\t\t\t\t\t\t\t\t\t\t<\/div>\n\t\t\t\t<\/div>\n\n\t\t\t\n\t\t\t\t<div class=\"wpz-slick-slide\">\n\t\t\t\t\t<div class=\"wpz-slick-item\">\n\t\t\t\t\t\t\t\t\t\t\t\t\t<img decoding=\"async\" class=\"wpz-slick-img\" src=\"https:\/\/www.kinder-fokus.de\/wp-content\/uploads\/2025\/09\/LBM-10-scaled.jpg\" alt=\"\">\n\t\t\t\t\t\t\n\t\t\t\t\t\t\t\t\t\t\t<\/div>\n\t\t\t\t<\/div>\n\n\t\t\t\n\t\t\t\t<div class=\"wpz-slick-slide\">\n\t\t\t\t\t<div class=\"wpz-slick-item\">\n\t\t\t\t\t\t\t\t\t\t\t\t\t<img decoding=\"async\" class=\"wpz-slick-img\" src=\"https:\/\/www.kinder-fokus.de\/wp-content\/uploads\/2025\/09\/LBM-3-scaled.jpg\" alt=\"\">\n\t\t\t\t\t\t\n\t\t\t\t\t\t\t\t\t\t\t<\/div>\n\t\t\t\t<\/div>\n\n\t\t\t\n\t\t\t\t<div class=\"wpz-slick-slide\">\n\t\t\t\t\t<div class=\"wpz-slick-item\">\n\t\t\t\t\t\t\t\t\t\t\t\t\t<img decoding=\"async\" class=\"wpz-slick-img\" src=\"https:\/\/www.kinder-fokus.de\/wp-content\/uploads\/2025\/09\/LBM-9-scaled.jpg\" alt=\"\">\n\t\t\t\t\t\t\n\t\t\t\t\t\t\t\t\t\t\t<\/div>\n\t\t\t\t<\/div>\n\n\t\t\t\n\t\t\t\t<div class=\"wpz-slick-slide\">\n\t\t\t\t\t<div class=\"wpz-slick-item\">\n\t\t\t\t\t\t\t\t\t\t\t\t\t<img decoding=\"async\" class=\"wpz-slick-img\" src=\"https:\/\/www.kinder-fokus.de\/wp-content\/uploads\/2025\/09\/LBM-7-scaled.jpg\" alt=\"\">\n\t\t\t\t\t\t\n\t\t\t\t\t\t\t\t\t\t\t<\/div>\n\t\t\t\t<\/div>\n\n\t\t\t\n\t\t\t\t<div class=\"wpz-slick-slide\">\n\t\t\t\t\t<div class=\"wpz-slick-item\">\n\t\t\t\t\t\t\t\t\t\t\t\t\t<img decoding=\"async\" class=\"wpz-slick-img\" src=\"https:\/\/www.kinder-fokus.de\/wp-content\/uploads\/2025\/09\/LBM-5-scaled.jpg\" alt=\"\">\n\t\t\t\t\t\t\n\t\t\t\t\t\t\t\t\t\t\t<\/div>\n\t\t\t\t<\/div>\n\n\t\t\t\n\t\t<\/div>\n\n\t\t\t\t\t<button type=\"button\" class=\"slick-prev\"><i aria-hidden=\"true\" class=\"fas fa-chevron-left\"><\/i><\/button>\n\t\t\n\t\t\t\t\t<button type=\"button\" class=\"slick-next\"><i aria-hidden=\"true\" class=\"fas fa-chevron-right\"><\/i><\/button>\n\t\t\n\t\t\t\t\t\t<\/div>\n\t\t\t\t<\/div>\n\t\t\t\t\t<\/div>\n\t\t<\/div>\n\t\t\t\t\t<\/div>\n\t\t<\/section>\n\t\t\t\t<section class=\"elementor-section elementor-top-section elementor-element elementor-element-d627bc9 elementor-section-boxed elementor-section-height-default elementor-section-height-default\" data-id=\"d627bc9\" data-element_type=\"section\">\n\t\t\t\t\t\t<div class=\"elementor-container elementor-column-gap-default\">\n\t\t\t\t\t<div class=\"elementor-column elementor-col-100 elementor-top-column elementor-element elementor-element-68cdb56\" data-id=\"68cdb56\" data-element_type=\"column\">\n\t\t\t<div class=\"elementor-widget-wrap elementor-element-populated\">\n\t\t\t\t\t\t<div class=\"elementor-element elementor-element-9ad5d9f elementor-widget elementor-widget-wpzoom-elementor-addons-carousel\" data-id=\"9ad5d9f\" data-element_type=\"widget\" data-settings=\"{&quot;animation_speed&quot;:300,&quot;autoplay&quot;:&quot;yes&quot;,&quot;autoplay_speed&quot;:3000,&quot;loop&quot;:&quot;yes&quot;,&quot;navigation&quot;:&quot;arrow&quot;,&quot;slides_to_show&quot;:4,&quot;slides_to_show_tablet&quot;:3,&quot;slides_to_show_mobile&quot;:2}\" data-widget_type=\"wpzoom-elementor-addons-carousel.default\">\n\t\t\t\t<div class=\"elementor-widget-container\">\n\t\t\t\t\t<div class=\"wpzjs-slick wpz-slick wpz-slick--carousel\">\n\n\t\t\t\n\t\t\t\t<div class=\"wpz-slick-slide\">\n\t\t\t\t\t<div class=\"wpz-slick-item\">\n\t\t\t\t\t\t\t\t\t\t\t\t\t<img decoding=\"async\" class=\"wpz-slick-img\" src=\"https:\/\/www.kinder-fokus.de\/wp-content\/uploads\/2025\/12\/kinderfokus-34-scaled.jpg\" alt=\"\">\n\t\t\t\t\t\t\n\t\t\t\t\t\t\t\t\t\t\t<\/div>\n\t\t\t\t<\/div>\n\n\t\t\t\n\t\t\t\t<div class=\"wpz-slick-slide\">\n\t\t\t\t\t<div class=\"wpz-slick-item\">\n\t\t\t\t\t\t\t\t\t\t\t\t\t<img decoding=\"async\" class=\"wpz-slick-img\" src=\"https:\/\/www.kinder-fokus.de\/wp-content\/uploads\/2025\/12\/kinderfokus-30-scaled.jpg\" alt=\"\">\n\t\t\t\t\t\t\n\t\t\t\t\t\t\t\t\t\t\t<\/div>\n\t\t\t\t<\/div>\n\n\t\t\t\n\t\t\t\t<div class=\"wpz-slick-slide\">\n\t\t\t\t\t<div class=\"wpz-slick-item\">\n\t\t\t\t\t\t\t\t\t\t\t\t\t<img decoding=\"async\" class=\"wpz-slick-img\" src=\"https:\/\/www.kinder-fokus.de\/wp-content\/uploads\/2025\/12\/kinderfokus-56-scaled.jpg\" alt=\"\">\n\t\t\t\t\t\t\n\t\t\t\t\t\t\t\t\t\t\t<\/div>\n\t\t\t\t<\/div>\n\n\t\t\t\n\t\t\t\t<div class=\"wpz-slick-slide\">\n\t\t\t\t\t<div class=\"wpz-slick-item\">\n\t\t\t\t\t\t\t\t\t\t\t\t\t<img decoding=\"async\" class=\"wpz-slick-img\" src=\"https:\/\/www.kinder-fokus.de\/wp-content\/uploads\/2025\/12\/kinderfokus-24-scaled.jpg\" alt=\"\">\n\t\t\t\t\t\t\n\t\t\t\t\t\t\t\t\t\t\t<\/div>\n\t\t\t\t<\/div>\n\n\t\t\t\n\t\t\t\t<div class=\"wpz-slick-slide\">\n\t\t\t\t\t<div class=\"wpz-slick-item\">\n\t\t\t\t\t\t\t\t\t\t\t\t\t<img decoding=\"async\" class=\"wpz-slick-img\" src=\"https:\/\/www.kinder-fokus.de\/wp-content\/uploads\/2025\/12\/kinderfokus-78-scaled.jpg\" alt=\"\">\n\t\t\t\t\t\t\n\t\t\t\t\t\t\t\t\t\t\t<\/div>\n\t\t\t\t<\/div>\n\n\t\t\t\n\t\t\t\t<div class=\"wpz-slick-slide\">\n\t\t\t\t\t<div class=\"wpz-slick-item\">\n\t\t\t\t\t\t\t\t\t\t\t\t\t<img decoding=\"async\" class=\"wpz-slick-img\" src=\"https:\/\/www.kinder-fokus.de\/wp-content\/uploads\/2025\/12\/kinderfokus-23-scaled.jpg\" alt=\"\">\n\t\t\t\t\t\t\n\t\t\t\t\t\t\t\t\t\t\t<\/div>\n\t\t\t\t<\/div>\n\n\t\t\t\n\t\t<\/div>\n\n\t\t\t\t\t<button type=\"button\" class=\"slick-prev\"><i aria-hidden=\"true\" class=\"fas fa-chevron-left\"><\/i><\/button>\n\t\t\n\t\t\t\t\t<button type=\"button\" class=\"slick-next\"><i aria-hidden=\"true\" class=\"fas fa-chevron-right\"><\/i><\/button>\n\t\t\n\t\t\t\t\t\t<\/div>\n\t\t\t\t<\/div>\n\t\t\t\t\t<\/div>\n\t\t<\/div>\n\t\t\t\t\t<\/div>\n\t\t<\/section>\n\t\t\t\t<\/div>\n\t\t","protected":false},"excerpt":{"rendered":"<p>Familien- und Kindershooting \u00a0in der Natur Familie hei\u00dft f\u00fcr mich Liebe, Geborgenheit und vor allem Sicherheit. Mit der Familie f\u00fchlt man sich zu Hause, selbst wenn man an einem anderen Ort ist. Meist fotografieren wir als Eltern unsere Kinder und halten uns selbst eher im Hintergrund. Das \u00e4ndere ich gerne und hole euch zu euren &hellip; <\/p>\n<p class=\"link-more\"><a href=\"https:\/\/www.kinder-fokus.de\/?page_id=401\" class=\"more-link\">Mehr <span class=\"screen-reader-text\">\u00fcber &#8222;Familie\/Kinder&#8220; <\/span>Lesen<\/a><\/p>\n","protected":false},"author":1,"featured_media":0,"parent":0,"menu_order":0,"comment_status":"closed","ping_status":"closed","template":"","meta":{"content-type":"","footnotes":"","inspiro_hide_title":false},"aioseo_notices":[],"featured_media_urls":[],"_links":{"self":[{"href":"https:\/\/www.kinder-fokus.de\/index.php?rest_route=\/wp\/v2\/pages\/401"}],"collection":[{"href":"https:\/\/www.kinder-fokus.de\/index.php?rest_route=\/wp\/v2\/pages"}],"about":[{"href":"https:\/\/www.kinder-fokus.de\/index.php?rest_route=\/wp\/v2\/types\/page"}],"author":[{"embeddable":true,"href":"https:\/\/www.kinder-fokus.de\/index.php?rest_route=\/wp\/v2\/users\/1"}],"replies":[{"embeddable":true,"href":"https:\/\/www.kinder-fokus.de\/index.php?rest_route=%2Fwp%2Fv2%2Fcomments&post=401"}],"version-history":[{"count":98,"href":"https:\/\/www.kinder-fokus.de\/index.php?rest_route=\/wp\/v2\/pages\/401\/revisions"}],"predecessor-version":[{"id":1665,"href":"https:\/\/www.kinder-fokus.de\/index.php?rest_route=\/wp\/v2\/pages\/401\/revisions\/1665"}],"wp:attachment":[{"href":"https:\/\/www.kinder-fokus.de\/index.php?rest_route=%2Fwp%2Fv2%2Fmedia&parent=401"}],"curies":[{"name":"wp","href":"https:\/\/api.w.org\/{rel}","templated":true}]}}